{"id":20,"date":"2023-01-13T19:28:12","date_gmt":"2023-01-13T19:28:12","guid":{"rendered":"https:\/\/www.appletart.es\/?page_id=20"},"modified":"2023-01-13T19:35:00","modified_gmt":"2023-01-13T19:35:00","slug":"contacto","status":"publish","type":"page","link":"https:\/\/www.appletart.es\/index.php\/contacto\/","title":{"rendered":"Contacto"},"content":{"rendered":"<section class=\"wpb-content-wrapper\"><p>[vc_row css_animation=&#8221;&#8221; row_type=&#8221;row&#8221; use_row_as_full_screen_section=&#8221;no&#8221; type=&#8221;full_width&#8221; angled_section=&#8221;no&#8221; text_align=&#8221;left&#8221; background_image_as_pattern=&#8221;without_pattern&#8221;][vc_column][vc_column_text]<\/p>\n<h4><strong>P\u00f3ngase en contacto con nuestro equipo, le responderemos lo antes posible.<\/strong><\/h4>\n<p>[\/vc_column_text][vc_empty_space height=&#8221;50px&#8221;]<div class=\"wpcf7 no-js\" id=\"wpcf7-f5-o1\" lang=\"es-ES\" dir=\"ltr\">\n<div class=\"screen-reader-response\"><p role=\"status\" aria-live=\"polite\" aria-atomic=\"true\"><\/p> <ul><\/ul><\/div>\n<form action=\"\/index.php\/wp-json\/wp\/v2\/pages\/20#wpcf7-f5-o1\" method=\"post\" class=\"wpcf7-form init cf7_custom_style_1\" aria-label=\"Formulario de contacto\" novalidate=\"novalidate\" data-status=\"init\">\n<div style=\"display: none;\">\n<input type=\"hidden\" name=\"_wpcf7\" value=\"5\" \/>\n<input type=\"hidden\" name=\"_wpcf7_version\" value=\"5.7.2\" \/>\n<input type=\"hidden\" name=\"_wpcf7_locale\" value=\"es_ES\" \/>\n<input type=\"hidden\" name=\"_wpcf7_unit_tag\" value=\"wpcf7-f5-o1\" \/>\n<input type=\"hidden\" name=\"_wpcf7_container_post\" value=\"0\" \/>\n<input type=\"hidden\" name=\"_wpcf7_posted_data_hash\" value=\"\" \/>\n<\/div>\n<p><label> Su nombre<br \/>\n<span class=\"wpcf7-form-control-wrap\" data-name=\"your-name\"><input size=\"40\" class=\"wpcf7-form-control wpcf7-text wpcf7-validates-as-required\" autocomplete=\"name\" aria-required=\"true\" aria-invalid=\"false\" value=\"\" type=\"text\" name=\"your-name\" \/><\/span> <\/label>\n<\/p>\n<p><label> Su correo electr\u00f3nico<br \/>\n<span class=\"wpcf7-form-control-wrap\" data-name=\"your-email\"><input size=\"40\" class=\"wpcf7-form-control wpcf7-text wpcf7-email wpcf7-validates-as-required wpcf7-validates-as-email\" autocomplete=\"email\" aria-required=\"true\" aria-invalid=\"false\" value=\"\" type=\"email\" name=\"your-email\" \/><\/span> <\/label>\n<\/p>\n<p><label> Su consulta<br \/>\n<span class=\"wpcf7-form-control-wrap\" data-name=\"your-message\"><textarea cols=\"40\" rows=\"10\" class=\"wpcf7-form-control wpcf7-textarea wpcf7-validates-as-required\" aria-required=\"true\" aria-invalid=\"false\" name=\"your-message\"><\/textarea><\/span> <\/label>\n<\/p>\n<p><label> Acepta Condiciones <span class=\"wpcf7-form-control-wrap\" data-name=\"acceptance-940\"><span class=\"wpcf7-form-control wpcf7-acceptance\"><span class=\"wpcf7-list-item\"><input type=\"checkbox\" name=\"acceptance-940\" value=\"1\" aria-invalid=\"false\" \/><\/span><\/span><\/span><\/label>\n<\/p>\n<p><input class=\"wpcf7-form-control has-spinner wpcf7-submit\" type=\"submit\" value=\"Enviar\" \/>\n<\/p><div class=\"wpcf7-response-output\" aria-hidden=\"true\"><\/div><\/form><\/div>[vc_column_text]<\/p>\n<h6>Seg\u00fan lo previsto en la Ley 34\/2002 de Servicios de la Sociedad de la Informaci\u00f3n y de Comercio Electr\u00f3nico, as\u00ed como en la Ley Org\u00e1nica 15\/1999 del 13 de Diciembre, de Protecci\u00f3n de Datos de Car\u00e1cter Personal, le informamos que los datos completados en este formulario figurar\u00e1n en nuestros archivos, con el objeto exclusivo de remitirle informaci\u00f3n sobre actividades promovidas por Appletart S.L. y sus marcas comerciales o bien participar en los procesos de selecci\u00f3n de personal. Usted puede en cualquier momento ejercitar su derecho de acceder, rectificar y, en su caso, cancelar sus datos personales respondiendo este correo electr\u00f3nico e indic\u00e1ndonos la operaci\u00f3n a realizar. Si no desea en lo sucesivo recibir correos electr\u00f3nicos de este tipo, responda con BAJA al siguiente correo electr\u00f3nico <a href=\"mailto:info@appletart.es\">info@appletart.es<\/a><\/h6>\n<p>[\/vc_column_text][vc_empty_space height=&#8221;50px&#8221;][\/vc_column][\/vc_row]<\/p>\n<\/section>","protected":false},"excerpt":{"rendered":"<p>[vc_row css_animation=&#8221;&#8221; row_type=&#8221;row&#8221; use_row_as_full_screen_section=&#8221;no&#8221; type=&#8221;full_width&#8221; angled_section=&#8221;no&#8221; text_align=&#8221;left&#8221; background_image_as_pattern=&#8221;without_pattern&#8221;][vc_column][vc_column_text] P\u00f3ngase en contacto con nuestro equipo, le responderemos lo antes posible. [\/vc_column_text][vc_empty_space height=&#8221;50px&#8221;][vc_column_text] Seg\u00fan lo previsto en la Ley 34\/2002 de Servicios de la Sociedad de la Informaci\u00f3n y de Comercio Electr\u00f3nico, as\u00ed como en la Ley&#8230;<\/p>\n","protected":false},"author":1,"featured_media":0,"parent":0,"menu_order":0,"comment_status":"closed","ping_status":"closed","template":"","meta":{"footnotes":""},"class_list":["post-20","page","type-page","status-publish","hentry"],"yoast_head":"<!-- This site is optimized with the Yoast SEO plugin v19.14 - https:\/\/yoast.com\/wordpress\/plugins\/seo\/ -->\n<title>Contacto - AppleTart Interior Design<\/title>\n<meta name=\"robots\" content=\"index, follow, max-snippet:-1, max-image-preview:large, max-video-preview:-1\" \/>\n<link rel=\"canonical\" href=\"https:\/\/www.appletart.es\/index.php\/contacto\/\" \/>\n<meta property=\"og:locale\" content=\"en_US\" \/>\n<meta property=\"og:type\" content=\"article\" \/>\n<meta property=\"og:title\" content=\"Contacto - AppleTart Interior Design\" \/>\n<meta property=\"og:description\" content=\"[vc_row css_animation=&#8221;&#8221; row_type=&#8221;row&#8221; use_row_as_full_screen_section=&#8221;no&#8221; type=&#8221;full_width&#8221; angled_section=&#8221;no&#8221; text_align=&#8221;left&#8221; background_image_as_pattern=&#8221;without_pattern&#8221;][vc_column][vc_column_text] P\u00f3ngase en contacto con nuestro equipo, le responderemos lo antes posible. [\/vc_column_text][vc_empty_space height=&#8221;50px&#8221;][vc_column_text] Seg\u00fan lo previsto en la Ley 34\/2002 de Servicios de la Sociedad de la Informaci\u00f3n y de Comercio Electr\u00f3nico, as\u00ed como en la Ley...\" \/>\n<meta property=\"og:url\" content=\"https:\/\/www.appletart.es\/index.php\/contacto\/\" \/>\n<meta property=\"og:site_name\" content=\"AppleTart Interior Design\" \/>\n<meta property=\"article:modified_time\" content=\"2023-01-13T19:35:00+00:00\" \/>\n<meta name=\"twitter:card\" content=\"summary_large_image\" \/>\n<meta name=\"twitter:label1\" content=\"Est. reading time\" \/>\n\t<meta name=\"twitter:data1\" content=\"1 minute\" \/>\n<script type=\"application\/ld+json\" class=\"yoast-schema-graph\">{\"@context\":\"https:\/\/schema.org\",\"@graph\":[{\"@type\":\"WebPage\",\"@id\":\"https:\/\/www.appletart.es\/index.php\/contacto\/\",\"url\":\"https:\/\/www.appletart.es\/index.php\/contacto\/\",\"name\":\"Contacto - AppleTart Interior Design\",\"isPartOf\":{\"@id\":\"https:\/\/www.appletart.es\/#website\"},\"datePublished\":\"2023-01-13T19:28:12+00:00\",\"dateModified\":\"2023-01-13T19:35:00+00:00\",\"breadcrumb\":{\"@id\":\"https:\/\/www.appletart.es\/index.php\/contacto\/#breadcrumb\"},\"inLanguage\":\"en-US\",\"potentialAction\":[{\"@type\":\"ReadAction\",\"target\":[\"https:\/\/www.appletart.es\/index.php\/contacto\/\"]}]},{\"@type\":\"BreadcrumbList\",\"@id\":\"https:\/\/www.appletart.es\/index.php\/contacto\/#breadcrumb\",\"itemListElement\":[{\"@type\":\"ListItem\",\"position\":1,\"name\":\"Portada\",\"item\":\"https:\/\/www.appletart.es\/\"},{\"@type\":\"ListItem\",\"position\":2,\"name\":\"Contacto\"}]},{\"@type\":\"WebSite\",\"@id\":\"https:\/\/www.appletart.es\/#website\",\"url\":\"https:\/\/www.appletart.es\/\",\"name\":\"AppleTart Interior Design\",\"description\":\"Dise\u00f1o de Interiores\",\"publisher\":{\"@id\":\"https:\/\/www.appletart.es\/#organization\"},\"potentialAction\":[{\"@type\":\"SearchAction\",\"target\":{\"@type\":\"EntryPoint\",\"urlTemplate\":\"https:\/\/www.appletart.es\/?s={search_term_string}\"},\"query-input\":\"required name=search_term_string\"}],\"inLanguage\":\"en-US\"},{\"@type\":\"Organization\",\"@id\":\"https:\/\/www.appletart.es\/#organization\",\"name\":\"AppleTart Interior Design\",\"url\":\"https:\/\/www.appletart.es\/\",\"logo\":{\"@type\":\"ImageObject\",\"inLanguage\":\"en-US\",\"@id\":\"https:\/\/www.appletart.es\/#\/schema\/logo\/image\/\",\"url\":\"http:\/\/www.appletart.es\/wp-content\/uploads\/2023\/01\/apple-tart-logo-negro.png\",\"contentUrl\":\"http:\/\/www.appletart.es\/wp-content\/uploads\/2023\/01\/apple-tart-logo-negro.png\",\"width\":300,\"height\":300,\"caption\":\"AppleTart Interior Design\"},\"image\":{\"@id\":\"https:\/\/www.appletart.es\/#\/schema\/logo\/image\/\"},\"sameAs\":[\"https:\/\/www.instagram.com\/appletart_interior_design\/\"]}]}<\/script>\n<!-- \/ Yoast SEO plugin. -->","yoast_head_json":{"title":"Contacto - AppleTart Interior Design","robots":{"index":"index","follow":"follow","max-snippet":"max-snippet:-1","max-image-preview":"max-image-preview:large","max-video-preview":"max-video-preview:-1"},"canonical":"https:\/\/www.appletart.es\/index.php\/contacto\/","og_locale":"en_US","og_type":"article","og_title":"Contacto - AppleTart Interior Design","og_description":"[vc_row css_animation=&#8221;&#8221; row_type=&#8221;row&#8221; use_row_as_full_screen_section=&#8221;no&#8221; type=&#8221;full_width&#8221; angled_section=&#8221;no&#8221; text_align=&#8221;left&#8221; background_image_as_pattern=&#8221;without_pattern&#8221;][vc_column][vc_column_text] P\u00f3ngase en contacto con nuestro equipo, le responderemos lo antes posible. [\/vc_column_text][vc_empty_space height=&#8221;50px&#8221;][vc_column_text] Seg\u00fan lo previsto en la Ley 34\/2002 de Servicios de la Sociedad de la Informaci\u00f3n y de Comercio Electr\u00f3nico, as\u00ed como en la Ley...","og_url":"https:\/\/www.appletart.es\/index.php\/contacto\/","og_site_name":"AppleTart Interior Design","article_modified_time":"2023-01-13T19:35:00+00:00","twitter_card":"summary_large_image","twitter_misc":{"Est. reading time":"1 minute"},"schema":{"@context":"https:\/\/schema.org","@graph":[{"@type":"WebPage","@id":"https:\/\/www.appletart.es\/index.php\/contacto\/","url":"https:\/\/www.appletart.es\/index.php\/contacto\/","name":"Contacto - AppleTart Interior Design","isPartOf":{"@id":"https:\/\/www.appletart.es\/#website"},"datePublished":"2023-01-13T19:28:12+00:00","dateModified":"2023-01-13T19:35:00+00:00","breadcrumb":{"@id":"https:\/\/www.appletart.es\/index.php\/contacto\/#breadcrumb"},"inLanguage":"en-US","potentialAction":[{"@type":"ReadAction","target":["https:\/\/www.appletart.es\/index.php\/contacto\/"]}]},{"@type":"BreadcrumbList","@id":"https:\/\/www.appletart.es\/index.php\/contacto\/#breadcrumb","itemListElement":[{"@type":"ListItem","position":1,"name":"Portada","item":"https:\/\/www.appletart.es\/"},{"@type":"ListItem","position":2,"name":"Contacto"}]},{"@type":"WebSite","@id":"https:\/\/www.appletart.es\/#website","url":"https:\/\/www.appletart.es\/","name":"AppleTart Interior Design","description":"Dise\u00f1o de Interiores","publisher":{"@id":"https:\/\/www.appletart.es\/#organization"},"potentialAction":[{"@type":"SearchAction","target":{"@type":"EntryPoint","urlTemplate":"https:\/\/www.appletart.es\/?s={search_term_string}"},"query-input":"required name=search_term_string"}],"inLanguage":"en-US"},{"@type":"Organization","@id":"https:\/\/www.appletart.es\/#organization","name":"AppleTart Interior Design","url":"https:\/\/www.appletart.es\/","logo":{"@type":"ImageObject","inLanguage":"en-US","@id":"https:\/\/www.appletart.es\/#\/schema\/logo\/image\/","url":"http:\/\/www.appletart.es\/wp-content\/uploads\/2023\/01\/apple-tart-logo-negro.png","contentUrl":"http:\/\/www.appletart.es\/wp-content\/uploads\/2023\/01\/apple-tart-logo-negro.png","width":300,"height":300,"caption":"AppleTart Interior Design"},"image":{"@id":"https:\/\/www.appletart.es\/#\/schema\/logo\/image\/"},"sameAs":["https:\/\/www.instagram.com\/appletart_interior_design\/"]}]}},"_links":{"self":[{"href":"https:\/\/www.appletart.es\/index.php\/wp-json\/wp\/v2\/pages\/20","targetHints":{"allow":["GET"]}}],"collection":[{"href":"https:\/\/www.appletart.es\/index.php\/wp-json\/wp\/v2\/pages"}],"about":[{"href":"https:\/\/www.appletart.es\/index.php\/wp-json\/wp\/v2\/types\/page"}],"author":[{"embeddable":true,"href":"https:\/\/www.appletart.es\/index.php\/wp-json\/wp\/v2\/users\/1"}],"replies":[{"embeddable":true,"href":"https:\/\/www.appletart.es\/index.php\/wp-json\/wp\/v2\/comments?post=20"}],"version-history":[{"count":5,"href":"https:\/\/www.appletart.es\/index.php\/wp-json\/wp\/v2\/pages\/20\/revisions"}],"predecessor-version":[{"id":25,"href":"https:\/\/www.appletart.es\/index.php\/wp-json\/wp\/v2\/pages\/20\/revisions\/25"}],"wp:attachment":[{"href":"https:\/\/www.appletart.es\/index.php\/wp-json\/wp\/v2\/media?parent=20"}],"curies":[{"name":"wp","href":"https:\/\/api.w.org\/{rel}","templated":true}]}}